{"id":1742,"date":"2019-02-06T21:47:39","date_gmt":"2019-02-06T21:47:39","guid":{"rendered":"http:\/\/www.thorsten-fritz.com\/?page_id=1742"},"modified":"2024-11-23T17:22:09","modified_gmt":"2024-11-23T17:22:09","slug":"zuckerfabrik","status":"publish","type":"page","link":"https:\/\/www.thorsten-fritz.com\/?page_id=1742","title":{"rendered":"Zuckerfabrik"},"content":{"rendered":"<h3 style=\"padding-left: 30px;\">Die Zuckerfabrik Warburg<\/h3>\n<p style=\"padding-left: 30px;\">Das Thema Zuckerfabrik Warburg ist derzeit in aller Munde.Seit 1882 geh\u00f6rt sie zum vom Weitaus sichtbaren Wahrzeichen der Stadt.Nun steht die Schlie\u00dfung bevor, von der nicht nur die Mitarbeiter in der Fabrik, sondern auch etwa 800 Landwirte als Zuckerr\u00fcben Lieferanten direkt betroffen sind.Der endg\u00fcltige Beschluss wird am 25 Februar fallen.<br \/>\nEin Anlass f\u00fcr mich einmal in mein Fotoarchiv zu schauen und die sch\u00f6nsten Bilder der Zuckerfabrik herauszufischen.Denn auch aus Fotograf<span class=\"text_exposed_show\">ischer Sicht ist Fabrik ein fester Bestandteil des lokalen Umfeldes.<\/span><\/p>\n<p>&nbsp;<\/p>\n<style id=\"bwg-style-0\">      #bwg_container1_0 #bwg_container2_0 #bwg_mosaic_thumbnails_div_0 {        width: 100%;        position: relative;        background-color: rgba(255, 255, 255, 0.00);        text-align: center;        justify-content: center;                  margin-left: auto;          margin-right: auto;                    padding-left: 4px;          padding-top: 4px;                }          #bwg_container1_0 #bwg_container2_0 .bwg_mosaic_thumb_spun_0 {        display: block;        position: absolute;\t\t\t\tborder-radius: 0;\t\t\t\tborder: 0px none #CCCCCC;    \t\t    \t\tbackground-color:rgba(0,0,0, 0.30);        -moz-box-sizing: content-box !important;        -webkit-box-sizing: content-box !important;        box-sizing: content-box !important;      }\t\t\t#bwg_container1_0 #bwg_container2_0 .bwg_mosaic_thumb_0 {\t\t\t\tdisplay: block;\t\t\t\t-moz-box-sizing: content-box !important;\t\t\t\t-webkit-box-sizing: content-box !important;\t\t\t\tbox-sizing: content-box !important;\t\t\t\tmargin: 0;\t\t\t\topacity: 1.00;\t\t\t}      #bwg_container1_0 #bwg_container2_0 .bwg_mosaic_thumb_spun_0:hover {        opacity: 1;        backface-visibility: hidden;        -webkit-backface-visibility: hidden;        -moz-backface-visibility: hidden;        -ms-backface-visibility: hidden;        z-index: 102;      }\t      @media only screen and (min-width: 480px) {        #bwg_container1_0 #bwg_container2_0 .bwg_mosaic_thumb_spun_0:hover {          transform: scale(1.1);          -ms-transform: scale(1.1);          -webkit-transform: scale(1.1);        }      }\t      #bwg_container1_0 #bwg_container2_0 .bwg_mosaic_thumbnails_0 {        background-color: rgba(255, 255, 255, 0.00);        font-size: 0;        position: relative;        text-align: center;        display: inline-block;        visibility: hidden;              }\t  \/*image title styles*\/      #bwg_container1_0 #bwg_container2_0 .bwg_mosaic_title_spun1_0,      #bwg_container1_0 #bwg_container2_0 .bwg-mosaic-thumbnails .bwg_ecommerce_spun1_0 {        position: absolute;        display: block;        opacity: 0;        box-sizing: border-box;        text-align: center;\t\t\t\ttop: 50%;\t\t\t\tleft: 50%;\t\t\t\ttransform: translate(-50%, -50%);      }      #bwg_container1_0 #bwg_container2_0 .bwg-mosaic-thumbnails .bwg_mosaic_title_spun2_0,      #bwg_container1_0 #bwg_container2_0 .bwg-mosaic-thumbnails .bwg_ecommerce_spun2_0 {\t\t    color: #CCCCCC;        font-family: segoe ui;        font-size: 16px;        font-weight: bold;        text-shadow: 0px 0px 0px #888888;        vertical-align: middle;        word-wrap: break-word;      }            .bwg_mosaic_play_icon_spun_0 {        display: table;        position: absolute;        left: -10000px;        top: 0px;        opacity: 0;      }      .bwg_mosaic_play_icon_0 {        color: #CCCCCC;        font-size: 32px;        vertical-align: middle;        display: table-cell !important;        z-index: 1;        text-align: center;        margin: 0 auto;      }      #bwg_container1_0 #bwg_container2_0 .bwg_gal_title_0 {        background-color: rgba(0, 0, 0, 0);        color: #323A45;        display: block;        font-family: Ubuntu;        font-size: 16px;        font-weight: bold;        padding: 2px;        text-shadow: ;        text-align: center;      }      <\/style>    <div id=\"bwg_container1_0\"         class=\"bwg_container bwg_thumbnail bwg_thumbnails_mosaic \"         data-right-click-protection=\"1\"         data-bwg=\"0\"         data-scroll=\"0\"         data-gallery-type=\"thumbnails_mosaic\"         data-gallery-view-type=\"thumbnails_mosaic\"         data-current-url=\"\/index.php?rest_route=%2Fwp%2Fv2%2Fpages%2F1742\"         data-lightbox-url=\"https:\/\/www.thorsten-fritz.com\/wordpress\/wp-admin\/admin-ajax.php?action=GalleryBox&#038;current_view=0&#038;gallery_id=14&#038;tag=0&#038;theme_id=1&#038;shortcode_id=45&#038;sort_by=order&#038;order_by=asc&#038;current_url=%2Findex.php%3Frest_route%3D%252Fwp%252Fv2%252Fpages%252F1742\"         data-gallery-id=\"14\"         data-popup-width=\"1500\"         data-popup-height=\"1500\"         data-is-album=\"gallery\"         data-buttons-position=\"bottom\">      <div id=\"bwg_container2_0\">             <div id=\"ajax_loading_0\" class=\"bwg_loading_div_1\">      <div class=\"bwg_loading_div_2\">        <div class=\"bwg_loading_div_3\">          <div id=\"loading_div_0\" class=\"bwg_spider_ajax_loading\">          <\/div>        <\/div>      <\/div>    <\/div>            <form id=\"gal_front_form_0\"              class=\"bwg-hidden\"              method=\"post\"              action=\"#\"              data-current=\"0\"              data-shortcode-id=\"45\"              data-gallery-type=\"thumbnails_mosaic\"              data-gallery-id=\"14\"              data-tag=\"0\"              data-album-id=\"0\"              data-theme-id=\"1\"              data-ajax-url=\"https:\/\/www.thorsten-fritz.com\/wordpress\/wp-admin\/admin-ajax.php?action=bwg_frontend_data\">          <div id=\"bwg_container3_0\" class=\"bwg-background bwg-background-0\">                <div id=\"bwg_mosaic_thumbnails_div_0\"         class=\"bwg-container-0 bwg-container bwg-mosaic-thumbnails\"         data-bwg=\"0\"         data-mosaic-direction=\"horizontal\"         data-resizable=\"0\"         data-width=\"200\"         data-height=\"200\"         data-total-width=\"100\"         data-block-id=\"bwg_thumbnails_mosaic_0\"         data-thumb-padding=\"4\"         data-thumb-border=\"0\"         data-title-margin=\"2px\"         data-image-title=\"none\"         data-play-icon=\"1\"         data-ecommerce-icon=\"none\"         data-gallery-id=\"14\"         data-lightbox-url=\"https:\/\/www.thorsten-fritz.com\/wordpress\/wp-admin\/admin-ajax.php?action=GalleryBox&#038;current_view=0&#038;gallery_id=14&#038;tag=0&#038;theme_id=1&#038;shortcode_id=45&#038;sort_by=order&#038;order_by=asc&#038;current_url=%2Findex.php%3Frest_route%3D%252Fwp%252Fv2%252Fpages%252F1742\"         data-mosaic-thumb-transition=\"1\"         style=\"visibility: hidden\" >      <div id=\"bwg_thumbnails_mosaic_0\" class=\"bwg_mosaic_thumbnails_0\">                  <a  class=\"bwg-a bwg_lightbox bwg_lightbox_0\" href=\"https:\/\/www.thorsten-fritz.com\/wordpress\/wp-content\/uploads5\/uploads\/\/photo-gallery\/Zuckerfabrik\/Unbenannt-2.jpg?bwg=1549492259\" data-image-id=\"876\" data-elementor-open-lightbox=\"no\">          <div class=\"bwg_mosaic_thumb_spun_0 bwg-item0 bwg-mosaic-thumb-span \">            <img decoding=\"async\" class=\"bwg_mosaic_thumb_0 skip-lazy bwg_img_clear bwg_img_custom \"                 id=\"876\"                 src=\"https:\/\/www.thorsten-fritz.com\/wordpress\/wp-content\/uploads5\/uploads\/\/photo-gallery\/Zuckerfabrik\/thumb\/Unbenannt-2.jpg?bwg=1549492259\"                 data-src=\"https:\/\/www.thorsten-fritz.com\/wordpress\/wp-content\/uploads5\/uploads\/\/photo-gallery\/Zuckerfabrik\/thumb\/Unbenannt-2.jpg?bwg=1549492259\"                 data-width=\"\"                 data-height=\"\"                 alt=\"Zuckerfabrik Warburg\"                 title=\"Zuckerfabrik Warburg\" \/>                      <\/div>        <\/a>                <a  class=\"bwg-a bwg_lightbox bwg_lightbox_0\" href=\"https:\/\/www.thorsten-fritz.com\/wordpress\/wp-content\/uploads5\/uploads\/\/photo-gallery\/Zuckerfabrik\/DSC_2893.jpg?bwg=1549490974\" data-image-id=\"860\" data-elementor-open-lightbox=\"no\">          <div class=\"bwg_mosaic_thumb_spun_0 bwg-item0 bwg-mosaic-thumb-span \">            <img decoding=\"async\" class=\"bwg_mosaic_thumb_0 skip-lazy bwg_img_clear bwg_img_custom \"                 id=\"860\"                 src=\"https:\/\/www.thorsten-fritz.com\/wordpress\/wp-content\/uploads5\/uploads\/\/photo-gallery\/Zuckerfabrik\/thumb\/DSC_2893.jpg?bwg=1549490974\"                 data-src=\"https:\/\/www.thorsten-fritz.com\/wordpress\/wp-content\/uploads5\/uploads\/\/photo-gallery\/Zuckerfabrik\/thumb\/DSC_2893.jpg?bwg=1549490974\"                 data-width=\"\"                 data-height=\"\"                 alt=\"Zuckerfabrik Warburg\"                 title=\"Zuckerfabrik Warburg\" \/>                      <\/div>        <\/a>                <a  class=\"bwg-a bwg_lightbox bwg_lightbox_0\" href=\"https:\/\/www.thorsten-fritz.com\/wordpress\/wp-content\/uploads5\/uploads\/\/photo-gallery\/Zuckerfabrik\/DSC_63~2.jpg?bwg=1549490975\" data-image-id=\"867\" data-elementor-open-lightbox=\"no\">          <div class=\"bwg_mosaic_thumb_spun_0 bwg-item0 bwg-mosaic-thumb-span \">            <img decoding=\"async\" class=\"bwg_mosaic_thumb_0 skip-lazy bwg_img_clear bwg_img_custom \"                 id=\"867\"                 src=\"https:\/\/www.thorsten-fritz.com\/wordpress\/wp-content\/uploads5\/uploads\/\/photo-gallery\/Zuckerfabrik\/thumb\/DSC_63~2.jpg?bwg=1549490975\"                 data-src=\"https:\/\/www.thorsten-fritz.com\/wordpress\/wp-content\/uploads5\/uploads\/\/photo-gallery\/Zuckerfabrik\/thumb\/DSC_63~2.jpg?bwg=1549490975\"                 data-width=\"\"                 data-height=\"\"                 alt=\"Zuckerfabrik Warburg\"                 title=\"Zuckerfabrik Warburg\" \/>                      <\/div>        <\/a>                <a  class=\"bwg-a bwg_lightbox bwg_lightbox_0\" href=\"https:\/\/www.thorsten-fritz.com\/wordpress\/wp-content\/uploads5\/uploads\/\/photo-gallery\/Zuckerfabrik\/432536~1.jpg?bwg=1549490975\" data-image-id=\"870\" data-elementor-open-lightbox=\"no\">          <div class=\"bwg_mosaic_thumb_spun_0 bwg-item0 bwg-mosaic-thumb-span \">            <img decoding=\"async\" class=\"bwg_mosaic_thumb_0 skip-lazy bwg_img_clear bwg_img_custom \"                 id=\"870\"                 src=\"https:\/\/www.thorsten-fritz.com\/wordpress\/wp-content\/uploads5\/uploads\/\/photo-gallery\/Zuckerfabrik\/thumb\/432536~1.jpg?bwg=1549490975\"                 data-src=\"https:\/\/www.thorsten-fritz.com\/wordpress\/wp-content\/uploads5\/uploads\/\/photo-gallery\/Zuckerfabrik\/thumb\/432536~1.jpg?bwg=1549490975\"                 data-width=\"\"                 data-height=\"\"                 alt=\"Zuckerfabrik Warburg\"                 title=\"Zuckerfabrik Warburg\" \/>                      <\/div>        <\/a>                <a  class=\"bwg-a bwg_lightbox bwg_lightbox_0\" href=\"https:\/\/www.thorsten-fritz.com\/wordpress\/wp-content\/uploads5\/uploads\/\/photo-gallery\/Zuckerfabrik\/_DSC6374-Bearbeitet.jpg?bwg=1549492145\" data-image-id=\"875\" data-elementor-open-lightbox=\"no\">          <div class=\"bwg_mosaic_thumb_spun_0 bwg-item0 bwg-mosaic-thumb-span \">            <img decoding=\"async\" class=\"bwg_mosaic_thumb_0 skip-lazy bwg_img_clear bwg_img_custom \"                 id=\"875\"                 src=\"https:\/\/www.thorsten-fritz.com\/wordpress\/wp-content\/uploads5\/uploads\/\/photo-gallery\/Zuckerfabrik\/thumb\/_DSC6374-Bearbeitet.jpg?bwg=1549492145\"                 data-src=\"https:\/\/www.thorsten-fritz.com\/wordpress\/wp-content\/uploads5\/uploads\/\/photo-gallery\/Zuckerfabrik\/thumb\/_DSC6374-Bearbeitet.jpg?bwg=1549492145\"                 data-width=\"\"                 data-height=\"\"                 alt=\"Zuckerfabrik Warburg\"                 title=\"Zuckerfabrik Warburg\" \/>                      <\/div>        <\/a>                <a  class=\"bwg-a bwg_lightbox bwg_lightbox_0\" href=\"https:\/\/www.thorsten-fritz.com\/wordpress\/wp-content\/uploads5\/uploads\/\/photo-gallery\/Zuckerfabrik\/DSC_28~3.jpg?bwg=1549490975\" data-image-id=\"869\" data-elementor-open-lightbox=\"no\">          <div class=\"bwg_mosaic_thumb_spun_0 bwg-item0 bwg-mosaic-thumb-span \">            <img decoding=\"async\" class=\"bwg_mosaic_thumb_0 skip-lazy bwg_img_clear bwg_img_custom \"                 id=\"869\"                 src=\"https:\/\/www.thorsten-fritz.com\/wordpress\/wp-content\/uploads5\/uploads\/\/photo-gallery\/Zuckerfabrik\/thumb\/DSC_28~3.jpg?bwg=1549490975\"                 data-src=\"https:\/\/www.thorsten-fritz.com\/wordpress\/wp-content\/uploads5\/uploads\/\/photo-gallery\/Zuckerfabrik\/thumb\/DSC_28~3.jpg?bwg=1549490975\"                 data-width=\"\"                 data-height=\"\"                 alt=\"Zuckerfabrik Warburg\"                 title=\"Zuckerfabrik Warburg\" \/>                      <\/div>        <\/a>                <a  class=\"bwg-a bwg_lightbox bwg_lightbox_0\" href=\"https:\/\/www.thorsten-fritz.com\/wordpress\/wp-content\/uploads5\/uploads\/\/photo-gallery\/Zuckerfabrik\/Unbenannt-1.jpg?bwg=1549492145\" data-image-id=\"874\" data-elementor-open-lightbox=\"no\">          <div class=\"bwg_mosaic_thumb_spun_0 bwg-item0 bwg-mosaic-thumb-span \">            <img decoding=\"async\" class=\"bwg_mosaic_thumb_0 skip-lazy bwg_img_clear bwg_img_custom \"                 id=\"874\"                 src=\"https:\/\/www.thorsten-fritz.com\/wordpress\/wp-content\/uploads5\/uploads\/\/photo-gallery\/Zuckerfabrik\/thumb\/Unbenannt-1.jpg?bwg=1549492145\"                 data-src=\"https:\/\/www.thorsten-fritz.com\/wordpress\/wp-content\/uploads5\/uploads\/\/photo-gallery\/Zuckerfabrik\/thumb\/Unbenannt-1.jpg?bwg=1549492145\"                 data-width=\"\"                 data-height=\"\"                 alt=\"Zuckerfabrik Warburg\"                 title=\"Zuckerfabrik Warburg\" \/>                      <\/div>        <\/a>                <a  class=\"bwg-a bwg_lightbox bwg_lightbox_0\" href=\"https:\/\/www.thorsten-fritz.com\/wordpress\/wp-content\/uploads5\/uploads\/\/photo-gallery\/Zuckerfabrik\/DSC_63~1.jpg?bwg=1549492145\" data-image-id=\"873\" data-elementor-open-lightbox=\"no\">          <div class=\"bwg_mosaic_thumb_spun_0 bwg-item0 bwg-mosaic-thumb-span \">            <img decoding=\"async\" class=\"bwg_mosaic_thumb_0 skip-lazy bwg_img_clear bwg_img_custom \"                 id=\"873\"                 src=\"https:\/\/www.thorsten-fritz.com\/wordpress\/wp-content\/uploads5\/uploads\/\/photo-gallery\/Zuckerfabrik\/thumb\/DSC_63~1.jpg?bwg=1549492145\"                 data-src=\"https:\/\/www.thorsten-fritz.com\/wordpress\/wp-content\/uploads5\/uploads\/\/photo-gallery\/Zuckerfabrik\/thumb\/DSC_63~1.jpg?bwg=1549492145\"                 data-width=\"\"                 data-height=\"\"                 alt=\"Regenbogen \u00fcber Zuckerfabrik Warburg\"                 title=\"Regenbogen \u00fcber Zuckerfabrik Warburg\" \/>                      <\/div>        <\/a>                <a  class=\"bwg-a bwg_lightbox bwg_lightbox_0\" href=\"https:\/\/www.thorsten-fritz.com\/wordpress\/wp-content\/uploads5\/uploads\/\/photo-gallery\/Zuckerfabrik\/DSC_42~1.jpg?bwg=1549490975\" data-image-id=\"868\" data-elementor-open-lightbox=\"no\">          <div class=\"bwg_mosaic_thumb_spun_0 bwg-item0 bwg-mosaic-thumb-span \">            <img decoding=\"async\" class=\"bwg_mosaic_thumb_0 skip-lazy bwg_img_clear bwg_img_custom \"                 id=\"868\"                 src=\"https:\/\/www.thorsten-fritz.com\/wordpress\/wp-content\/uploads5\/uploads\/\/photo-gallery\/Zuckerfabrik\/thumb\/DSC_42~1.jpg?bwg=1549490975\"                 data-src=\"https:\/\/www.thorsten-fritz.com\/wordpress\/wp-content\/uploads5\/uploads\/\/photo-gallery\/Zuckerfabrik\/thumb\/DSC_42~1.jpg?bwg=1549490975\"                 data-width=\"\"                 data-height=\"\"                 alt=\"Zuckerfabrik Warburg bei Nacht\"                 title=\"Zuckerfabrik Warburg bei Nacht\" \/>                      <\/div>        <\/a>                <a  class=\"bwg-a bwg_lightbox bwg_lightbox_0\" href=\"https:\/\/www.thorsten-fritz.com\/wordpress\/wp-content\/uploads5\/uploads\/\/photo-gallery\/Zuckerfabrik\/DSC_1474.jpg?bwg=1549490974\" data-image-id=\"862\" data-elementor-open-lightbox=\"no\">          <div class=\"bwg_mosaic_thumb_spun_0 bwg-item0 bwg-mosaic-thumb-span \">            <img decoding=\"async\" class=\"bwg_mosaic_thumb_0 skip-lazy bwg_img_clear bwg_img_custom \"                 id=\"862\"                 src=\"https:\/\/www.thorsten-fritz.com\/wordpress\/wp-content\/uploads5\/uploads\/\/photo-gallery\/Zuckerfabrik\/thumb\/DSC_1474.jpg?bwg=1549490974\"                 data-src=\"https:\/\/www.thorsten-fritz.com\/wordpress\/wp-content\/uploads5\/uploads\/\/photo-gallery\/Zuckerfabrik\/thumb\/DSC_1474.jpg?bwg=1549490974\"                 data-width=\"\"                 data-height=\"\"                 alt=\"Zuckerfabrik Warburg bei Nacht\"                 title=\"Zuckerfabrik Warburg bei Nacht\" \/>                      <\/div>        <\/a>                <a  class=\"bwg-a bwg_lightbox bwg_lightbox_0\" href=\"https:\/\/www.thorsten-fritz.com\/wordpress\/wp-content\/uploads5\/uploads\/\/photo-gallery\/Zuckerfabrik\/DSC_43~1.jpg?bwg=1549490974\" data-image-id=\"861\" data-elementor-open-lightbox=\"no\">          <div class=\"bwg_mosaic_thumb_spun_0 bwg-item0 bwg-mosaic-thumb-span \">            <img decoding=\"async\" class=\"bwg_mosaic_thumb_0 skip-lazy bwg_img_clear bwg_img_custom \"                 id=\"861\"                 src=\"https:\/\/www.thorsten-fritz.com\/wordpress\/wp-content\/uploads5\/uploads\/\/photo-gallery\/Zuckerfabrik\/thumb\/DSC_43~1.jpg?bwg=1549490974\"                 data-src=\"https:\/\/www.thorsten-fritz.com\/wordpress\/wp-content\/uploads5\/uploads\/\/photo-gallery\/Zuckerfabrik\/thumb\/DSC_43~1.jpg?bwg=1549490974\"                 data-width=\"\"                 data-height=\"\"                 alt=\"Zuckerfabrik Warburg bei Nacht\"                 title=\"Zuckerfabrik Warburg bei Nacht\" \/>                      <\/div>        <\/a>            <\/div>    <\/div>    <style>      \/*pagination styles*\/      #bwg_container1_0 #bwg_container2_0 .tablenav-pages_0 {\t\t\t\ttext-align: center;\t\t\t\tfont-size: 12px;\t\t\t\tfont-family: segoe ui;\t\t\t\tfont-weight: bold;\t\t\t\tcolor: #666666;\t\t\t\tmargin: 6px 0 4px;\t\t\t\tdisplay: block;      }      @media only screen and (max-width : 320px) {      #bwg_container1_0 #bwg_container2_0 .displaying-num_0 {     \t display: none;      }      }      #bwg_container1_0 #bwg_container2_0 .displaying-num_0 {\t\t\t\tfont-size: 12px;\t\t\t\tfont-family: segoe ui;\t\t\t\tfont-weight: bold;\t\t\t\tcolor: #666666;\t\t\t\tmargin-right: 10px;\t\t\t\tvertical-align: middle;      }      #bwg_container1_0 #bwg_container2_0 .paging-input_0 {\t\t\t\tfont-size: 12px;\t\t\t\tfont-family: segoe ui;\t\t\t\tfont-weight: bold;\t\t\t\tcolor: #666666;\t\t\t\tvertical-align: middle;      }      #bwg_container1_0 #bwg_container2_0 .tablenav-pages_0 a.disabled,      #bwg_container1_0 #bwg_container2_0 .tablenav-pages_0 a.disabled:hover,      #bwg_container1_0 #bwg_container2_0 .tablenav-pages_0 a.disabled:focus,\t\t\t#bwg_container1_0 #bwg_container2_0 .tablenav-pages_0 input.bwg_current_page {\t\t\t\tcursor: default;\t\t\t\tcolor: rgba(102, 102, 102, 0.5);      }      #bwg_container1_0 #bwg_container2_0 .tablenav-pages_0 a,      #bwg_container1_0 #bwg_container2_0 .tablenav-pages_0 input.bwg_current_page {\t\t\t\tcursor: pointer;\t\t\t\ttext-align: center;\t\t\t\tfont-size: 12px;\t\t\t\tfont-family: segoe ui;\t\t\t\tfont-weight: bold;\t\t\t\tcolor: #666666;\t\t\t\ttext-decoration: none;\t\t\t\tpadding: 3px 6px;\t\t\t\tmargin: 0;\t\t\t\tborder-radius: 0;\t\t\t\tborder-style: solid;\t\t\t\tborder-width: 1px;\t\t\t\tborder-color: #E3E3E3;\t\t\t\t\t\t\t\tbackground-color: rgba(255, 255, 255, 1.00);\t\t\t\tbox-shadow: 0;\t\t\t\ttransition: all 0.3s ease 0s;-webkit-transition: all 0.3s ease 0s;      }      <\/style>      <span class=\"bwg_nav_cont_0\">              <div class=\"tablenav-pages_0\">                  <\/div>                <input type=\"hidden\" id=\"page_number_0\" name=\"page_number_0\" value=\"1\" \/>      <script type=\"text\/javascript\">        if( jQuery('.bwg_nav_cont_0').length > 1 ) {          jQuery('.bwg_nav_cont_0').first().remove()        }        function spider_page_0(cur, x, y, load_more) {          if (typeof load_more == \"undefined\") {            var load_more = false;          }          if (jQuery(cur).hasClass('disabled')) {            return false;          }          var items_county_0 = 1;          switch (y) {            case 1:              if (x >= items_county_0) {                document.getElementById('page_number_0').value = items_county_0;              }              else {                document.getElementById('page_number_0').value = x + 1;              }              break;            case 2:              document.getElementById('page_number_0').value = items_county_0;              break;            case -1:              if (x == 1) {                document.getElementById('page_number_0').value = 1;              }              else {                document.getElementById('page_number_0').value = x - 1;              }              break;            case -2:              document.getElementById('page_number_0').value = 1;              break;\t\t\t\t\t\tcase 0:              document.getElementById('page_number_0').value = x;              break;            default:              document.getElementById('page_number_0').value = 1;          }          bwg_ajax('gal_front_form_0', '0', 'bwg_thumbnails_mosaic_0', '0', '', 'gallery', 0, '', '', load_more, '', 1);        }                    jQuery('.first-page-0').on('click', function () {              spider_page_0(this, 1, -2, 'numeric');              return false;            });            jQuery('.prev-page-0').on('click', function () {              spider_page_0(this, 1, -1, 'numeric');              return false;            });            jQuery('.next-page-0').on('click', function () {              spider_page_0(this, 1, 1, 'numeric');              return false;            });            jQuery('.last-page-0').on('click', function () {              spider_page_0(this, 1, 2, 'numeric');              return false;            });        \t\t\t\t\/* Change page on input enter. *\/        function bwg_change_page_0( e, that ) {          if (  e.key == 'Enter' ) {            var to_page = parseInt(jQuery(that).val());            var pages_count = jQuery(that).parents(\".pagination-links\").data(\"pages-count\");            var current_url_param = jQuery(that).attr('data-url-info');            if (to_page > pages_count) {              to_page = 1;            }\t \t\t\t\t\t\t\t\t\t\t\t\tspider_page_0(this, to_page, 0, 'numeric');\t\t\t\t\t\t\treturn false;\t\t\t\t\t\t          }          return true;        }        jQuery('.bwg_load_btn_0').on('click', function () {            spider_page_0(this, 1, 1, true);            return false;        });      <\/script>      <\/span>                <\/div>        <\/form>        <style>          #bwg_container1_0 #bwg_container2_0 #spider_popup_overlay_0 {          background-color: #000000;          opacity: 0.70;          }          <\/style>        <div id=\"bwg_spider_popup_loading_0\" class=\"bwg_spider_popup_loading\"><\/div>        <div id=\"spider_popup_overlay_0\" class=\"spider_popup_overlay\" onclick=\"spider_destroypopup(1000)\"><\/div>        <input type=\"hidden\" id=\"bwg_random_seed_0\" value=\"440466238\">                <\/div>    <\/div>    <script>      if (document.readyState === 'complete') {        if( typeof bwg_main_ready == 'function' ) {          if ( jQuery(\"#bwg_container1_0\").height() ) {            bwg_main_ready(jQuery(\"#bwg_container1_0\"));          }        }      } else {        document.addEventListener('DOMContentLoaded', function() {          if( typeof bwg_main_ready == 'function' ) {            if ( jQuery(\"#bwg_container1_0\").height() ) {             bwg_main_ready(jQuery(\"#bwg_container1_0\"));            }          }        });      }    <\/script>    \n","protected":false},"excerpt":{"rendered":"<p>Die Zuckerfabrik Warburg Das Thema Zuckerfabrik Warburg ist derzeit in aller Munde.Seit 1882 geh\u00f6rt sie zum vom Weitaus sichtbaren Wahrzeichen &hellip; <a href=\"https:\/\/www.thorsten-fritz.com\/?page_id=1742\" class=\"more-link\"><span class=\"more-button\">Read More<span class=\"screen-reader-text\">Zuckerfabrik<\/span><\/span><\/a><\/p>\n","protected":false},"author":1,"featured_media":0,"parent":249,"menu_order":5,"comment_status":"closed","ping_status":"closed","template":"","meta":{"ngg_post_thumbnail":0,"__cvm_playback_settings":[],"__cvm_video_id":"","two_page_speed":[],"footnotes":""},"class_list":["post-1742","page","type-page","status-publish","hentry"],"jetpack_sharing_enabled":true,"jetpack_likes_enabled":false,"_links":{"self":[{"href":"https:\/\/www.thorsten-fritz.com\/index.php?rest_route=\/wp\/v2\/pages\/1742","targetHints":{"allow":["GET"]}}],"collection":[{"href":"https:\/\/www.thorsten-fritz.com\/index.php?rest_route=\/wp\/v2\/pages"}],"about":[{"href":"https:\/\/www.thorsten-fritz.com\/index.php?rest_route=\/wp\/v2\/types\/page"}],"author":[{"embeddable":true,"href":"https:\/\/www.thorsten-fritz.com\/index.php?rest_route=\/wp\/v2\/users\/1"}],"replies":[{"embeddable":true,"href":"https:\/\/www.thorsten-fritz.com\/index.php?rest_route=%2Fwp%2Fv2%2Fcomments&post=1742"}],"version-history":[{"count":5,"href":"https:\/\/www.thorsten-fritz.com\/index.php?rest_route=\/wp\/v2\/pages\/1742\/revisions"}],"predecessor-version":[{"id":1752,"href":"https:\/\/www.thorsten-fritz.com\/index.php?rest_route=\/wp\/v2\/pages\/1742\/revisions\/1752"}],"up":[{"embeddable":true,"href":"https:\/\/www.thorsten-fritz.com\/index.php?rest_route=\/wp\/v2\/pages\/249"}],"wp:attachment":[{"href":"https:\/\/www.thorsten-fritz.com\/index.php?rest_route=%2Fwp%2Fv2%2Fmedia&parent=1742"}],"curies":[{"name":"wp","href":"https:\/\/api.w.org\/{rel}","templated":true}]}}