{"id":2085,"date":"2020-09-04T11:04:27","date_gmt":"2020-09-04T11:04:27","guid":{"rendered":"http:\/\/www.thorsten-fritz.com\/?page_id=2085"},"modified":"2024-11-26T11:41:02","modified_gmt":"2024-11-26T11:41:02","slug":"c-2020-f3-neowise","status":"publish","type":"page","link":"https:\/\/www.thorsten-fritz.com\/?page_id=2085","title":{"rendered":"Komet Neowise"},"content":{"rendered":"\r\n<div class=\"wp-block-spacer\" style=\"height: 29px;\" aria-hidden=\"true\">&nbsp;<\/div>\r\n\r\n\r\n\r\n<p class=\"has-text-align-center\">C\/2020 F3 (NEOWISE) ist ein Komet, der im Sommer 2020 frei\u00e4ugig zu beobachten war.Es war der hellste Komet seit Jahrzehnten .<\/p>\r\n\r\n\r\n\r\n<p class=\"has-text-align-center\">Mittlerweile ist Neowise wieder auf dem Weg ins \u00e4u\u00dfere Sonnensystem und wird erst in 6800 Jahren wieder in der N\u00e4he sein.<\/p>\r\n\r\n\r\n\r\n<div class=\"wp-block-spacer\" style=\"height: 37px;\" aria-hidden=\"true\">&nbsp;<\/div>\r\n\r\n\r\n\r\n<p>&nbsp;<\/p>\r\n\r\n\r\n\r\n<div class=\"wp-block-image\">\r\n<figure class=\"aligncenter size-full\"><a href=\"https:\/\/www.thorsten-fritz.com\/wordpress\/wp-content\/uploads\/2020\/09\/neofb.jpg\"><img loading=\"lazy\" decoding=\"async\" width=\"1200\" height=\"842\" class=\"wp-image-2086\" src=\"https:\/\/www.thorsten-fritz.com\/wordpress\/wp-content\/uploads\/2020\/09\/neofb.jpg\" alt=\"\" srcset=\"https:\/\/www.thorsten-fritz.com\/wordpress\/wp-content\/uploads\/2020\/09\/neofb.jpg 1200w, https:\/\/www.thorsten-fritz.com\/wordpress\/wp-content\/uploads\/2020\/09\/neofb-301x211.jpg 301w, https:\/\/www.thorsten-fritz.com\/wordpress\/wp-content\/uploads\/2020\/09\/neofb-1140x800.jpg 1140w, https:\/\/www.thorsten-fritz.com\/wordpress\/wp-content\/uploads\/2020\/09\/neofb-150x105.jpg 150w\" sizes=\"auto, (max-width: 1200px) 100vw, 1200px\" \/><\/a>\r\n<figcaption>C\/2020 F3 (NEOWISE)<\/figcaption>\r\n<\/figure>\r\n<\/div>\r\n\r\n\r\n\r\n<div class=\"wp-block-image\">\r\n<figure class=\"aligncenter size-full\"><a href=\"https:\/\/www.thorsten-fritz.com\/wordpress\/wp-content\/uploads\/2020\/09\/neowise_Calenberg1.jpg\"><img loading=\"lazy\" decoding=\"async\" width=\"1200\" height=\"1798\" class=\"wp-image-2090\" src=\"https:\/\/www.thorsten-fritz.com\/wordpress\/wp-content\/uploads\/2020\/09\/neowise_Calenberg1.jpg\" alt=\"\" srcset=\"https:\/\/www.thorsten-fritz.com\/wordpress\/wp-content\/uploads\/2020\/09\/neowise_Calenberg1.jpg 1200w, https:\/\/www.thorsten-fritz.com\/wordpress\/wp-content\/uploads\/2020\/09\/neowise_Calenberg1-200x300.jpg 200w, https:\/\/www.thorsten-fritz.com\/wordpress\/wp-content\/uploads\/2020\/09\/neowise_Calenberg1-534x800.jpg 534w, https:\/\/www.thorsten-fritz.com\/wordpress\/wp-content\/uploads\/2020\/09\/neowise_Calenberg1-101x151.jpg 101w, https:\/\/www.thorsten-fritz.com\/wordpress\/wp-content\/uploads\/2020\/09\/neowise_Calenberg1-1025x1536.jpg 1025w\" sizes=\"auto, (max-width: 1200px) 100vw, 1200px\" \/><\/a>\r\n<figcaption>C\/2020 F3 (NEOWISE) \u00fcber der Burg Calenberg<\/figcaption>\r\n<\/figure>\r\n<\/div>\r\n\r\n\r\n\r\n<div class=\"wp-block-image\">\r\n<figure class=\"aligncenter size-large is-resized\"><a href=\"https:\/\/www.thorsten-fritz.com\/wordpress\/wp-content\/uploads\/2020\/09\/neowise.jpg\"><img loading=\"lazy\" decoding=\"async\" class=\"wp-image-2089\" src=\"https:\/\/www.thorsten-fritz.com\/wordpress\/wp-content\/uploads\/2020\/09\/neowise-533x800.jpg\" alt=\"\" width=\"582\" height=\"874\" srcset=\"https:\/\/www.thorsten-fritz.com\/wordpress\/wp-content\/uploads\/2020\/09\/neowise-533x800.jpg 533w, https:\/\/www.thorsten-fritz.com\/wordpress\/wp-content\/uploads\/2020\/09\/neowise-200x300.jpg 200w, https:\/\/www.thorsten-fritz.com\/wordpress\/wp-content\/uploads\/2020\/09\/neowise-101x151.jpg 101w, https:\/\/www.thorsten-fritz.com\/wordpress\/wp-content\/uploads\/2020\/09\/neowise-1024x1536.jpg 1024w, https:\/\/www.thorsten-fritz.com\/wordpress\/wp-content\/uploads\/2020\/09\/neowise.jpg 1280w\" sizes=\"auto, (max-width: 582px) 100vw, 582px\" \/><\/a>\r\n<figcaption>C\/2020 F3 (NEOWISE)<\/figcaption>\r\n<\/figure>\r\n<\/div>\r\n\r\n\r\n\r\n<div class=\"wp-block-image\">\r\n<figure class=\"aligncenter size-large\"><a href=\"https:\/\/www.thorsten-fritz.com\/wordpress\/wp-content\/uploads\/2020\/09\/neowise_calenberg2.jpg\"><img loading=\"lazy\" decoding=\"async\" width=\"1124\" height=\"800\" class=\"wp-image-2091\" src=\"https:\/\/www.thorsten-fritz.com\/wordpress\/wp-content\/uploads\/2020\/09\/neowise_calenberg2-1124x800.jpg\" alt=\"\" srcset=\"https:\/\/www.thorsten-fritz.com\/wordpress\/wp-content\/uploads\/2020\/09\/neowise_calenberg2-1124x800.jpg 1124w, https:\/\/www.thorsten-fritz.com\/wordpress\/wp-content\/uploads\/2020\/09\/neowise_calenberg2-301x214.jpg 301w, https:\/\/www.thorsten-fritz.com\/wordpress\/wp-content\/uploads\/2020\/09\/neowise_calenberg2-150x107.jpg 150w, https:\/\/www.thorsten-fritz.com\/wordpress\/wp-content\/uploads\/2020\/09\/neowise_calenberg2.jpg 1200w\" sizes=\"auto, (max-width: 1124px) 100vw, 1124px\" \/><\/a>\r\n<figcaption>C\/2020 F3 (NEOWISE) \u00fcber der Burg Calenberg<\/figcaption>\r\n<\/figure>\r\n<\/div>\r\n\r\n\r\n\r\n<div class=\"wp-block-image\">\r\n<figure><\/figure>\r\n<figure><\/figure>\r\n<figure class=\"aligncenter size-full\"><a href=\"https:\/\/www.thorsten-fritz.com\/wordpress\/wp-content\/uploads\/2020\/09\/Neowise_desenberg2.jpg\"><img loading=\"lazy\" decoding=\"async\" width=\"1200\" height=\"782\" class=\"wp-image-2094\" src=\"https:\/\/www.thorsten-fritz.com\/wordpress\/wp-content\/uploads\/2020\/09\/Neowise_desenberg2.jpg\" alt=\"\" srcset=\"https:\/\/www.thorsten-fritz.com\/wordpress\/wp-content\/uploads\/2020\/09\/Neowise_desenberg2.jpg 1200w, https:\/\/www.thorsten-fritz.com\/wordpress\/wp-content\/uploads\/2020\/09\/Neowise_desenberg2-301x196.jpg 301w, https:\/\/www.thorsten-fritz.com\/wordpress\/wp-content\/uploads\/2020\/09\/Neowise_desenberg2-150x98.jpg 150w\" sizes=\"auto, (max-width: 1200px) 100vw, 1200px\" \/><\/a>\r\n<figcaption><img decoding=\"async\" src=\"https:\/\/www.thorsten-fritz.com\/wordpress\/wp-content\/uploads\/2020\/09\/Neowise_desenberg3-534x800.jpg\" alt=\"Dieses Bild hat ein leeres Alt-Attribut. Der Dateiname ist Neowise_desenberg3-534x800.jpg\"><br>C\/2020 F3 (NEOWISE) \u00fcber dem Desenberg<br><br><\/figcaption>\r\n<\/figure>\r\n<\/div>\r\n\r\n\r\n\r\n\r\n\r\n<p>&nbsp;<\/p>\r\n\r\n\r\n\r\n<p>&nbsp;<\/p>\r\n","protected":false},"excerpt":{"rendered":"<p>C\/2020 F3 (NEOWISE) ist ein Komet, der im Sommer 2020 frei\u00e4ugig zu beobachten war.Es war der hellste Komet seit Jahrzehnten &hellip; <a href=\"https:\/\/www.thorsten-fritz.com\/?page_id=2085\" class=\"more-link\"><span class=\"more-button\">Read More<span class=\"screen-reader-text\">Komet Neowise<\/span><\/span><\/a><\/p>\n","protected":false},"author":1,"featured_media":0,"parent":0,"menu_order":7,"comment_status":"closed","ping_status":"closed","template":"","meta":{"ngg_post_thumbnail":0,"__cvm_playback_settings":[],"__cvm_video_id":"","two_page_speed":[],"footnotes":""},"class_list":["post-2085","page","type-page","status-publish","hentry"],"jetpack_sharing_enabled":true,"jetpack_likes_enabled":false,"_links":{"self":[{"href":"https:\/\/www.thorsten-fritz.com\/index.php?rest_route=\/wp\/v2\/pages\/2085","targetHints":{"allow":["GET"]}}],"collection":[{"href":"https:\/\/www.thorsten-fritz.com\/index.php?rest_route=\/wp\/v2\/pages"}],"about":[{"href":"https:\/\/www.thorsten-fritz.com\/index.php?rest_route=\/wp\/v2\/types\/page"}],"author":[{"embeddable":true,"href":"https:\/\/www.thorsten-fritz.com\/index.php?rest_route=\/wp\/v2\/users\/1"}],"replies":[{"embeddable":true,"href":"https:\/\/www.thorsten-fritz.com\/index.php?rest_route=%2Fwp%2Fv2%2Fcomments&post=2085"}],"version-history":[{"count":24,"href":"https:\/\/www.thorsten-fritz.com\/index.php?rest_route=\/wp\/v2\/pages\/2085\/revisions"}],"predecessor-version":[{"id":2939,"href":"https:\/\/www.thorsten-fritz.com\/index.php?rest_route=\/wp\/v2\/pages\/2085\/revisions\/2939"}],"wp:attachment":[{"href":"https:\/\/www.thorsten-fritz.com\/index.php?rest_route=%2Fwp%2Fv2%2Fmedia&parent=2085"}],"curies":[{"name":"wp","href":"https:\/\/api.w.org\/{rel}","templated":true}]}}