{"id":318,"date":"2015-08-27T19:56:29","date_gmt":"2015-08-27T19:56:29","guid":{"rendered":"http:\/\/www.thorsten-fritz.com\/?page_id=318"},"modified":"2020-09-04T08:30:37","modified_gmt":"2020-09-04T08:30:37","slug":"komet-lovejoy-2015","status":"publish","type":"page","link":"https:\/\/www.thorsten-fritz.com\/?page_id=318","title":{"rendered":"Komet Lovejoy  2015"},"content":{"rendered":"<h3><strong>Komet Lovejoy vom 18.1.2015<\/strong><\/h3>\n<p>Der Komet Lovejoy war vermutlich neben der Sonnenfinsternis das spektakul\u00e4rste Ereignis 2014\/15.<\/p>\n<p>Er ist ein sogenannter langperiodischer Komet, der etwa alle 11.500 Jahre der Erde so nahe kommt das man ihn zumindest unter sehr g\u00fcnstigen Bedingungen mit blosem Auge am N\u00e4chtlichen Himmel sehen konnte.Hierzulande klappte das leider nicht so gut, aber fotografisch war es m\u00f6glich den Kometen festzuhalten.<\/p>\n<p>Hier ein Einzelbild, welches die ungef\u00e4hre Gr\u00f6\u00dfe und Position des Kometen im Vergleich zum restlichen Himmel verdeutlicht.<\/p>\n<p><a href=\"http:\/\/www.thorsten-fritz.com\/wordpress\/wp-content\/uploads\/2015\/08\/10924356_1040791395947623_2813412100955217157_o.jpg\"><img loading=\"lazy\" decoding=\"async\" class=\"alignnone wp-image-333\" src=\"http:\/\/www.thorsten-fritz.com\/wordpress\/wp-content\/uploads\/2015\/08\/10924356_1040791395947623_2813412100955217157_o-1024x675.jpg\" alt=\"10924356_1040791395947623_2813412100955217157_o\" width=\"1024\" height=\"675\" srcset=\"https:\/\/www.thorsten-fritz.com\/wordpress\/wp-content\/uploads\/2015\/08\/10924356_1040791395947623_2813412100955217157_o-1024x675.jpg 1024w, https:\/\/www.thorsten-fritz.com\/wordpress\/wp-content\/uploads\/2015\/08\/10924356_1040791395947623_2813412100955217157_o-150x99.jpg 150w, https:\/\/www.thorsten-fritz.com\/wordpress\/wp-content\/uploads\/2015\/08\/10924356_1040791395947623_2813412100955217157_o-300x198.jpg 300w, https:\/\/www.thorsten-fritz.com\/wordpress\/wp-content\/uploads\/2015\/08\/10924356_1040791395947623_2813412100955217157_o.jpg 2048w\" sizes=\"auto, (max-width: 1024px) 100vw, 1024px\" \/><\/a><\/p>\n<p>&nbsp;<\/p>\n<p>Zum fotografieren habe ich mit ein 50mm F\/1,8 Objektiv benutzt und insgesamt 96 Aufnahmen mit einer Belichtungszeit von 6 Sekunden an ISO2500 angefertigt.Diese werden im sogenannten Stacking verfahren mit einem speziellen <a href=\"http:\/\/deepskystacker.free.fr\/german\/index.html\" target=\"_blank\" rel=\"noopener noreferrer\">Programm<\/a> addiert und zu einem Gesamtbild zusammenf\u00fcgt.Nur so ist es m\u00f6glich den relativ lichtschwachen Schweif sichtbar zu machen.Mithilfe von sogenannten Dark Frames, Flats und Bias wird dabei das Rauschen minimiert.<\/p>\n<p><span id=\"fbPhotoSnowliftCaption\" class=\"fbPhotosPhotoCaption\" tabindex=\"0\" data-ft=\"{&quot;tn&quot;:&quot;K&quot;}\"><span class=\"hasCaption\">Das Fotografieren der gesamte Belichtungsreihe macht die Kamera bis auf einige Korrekturen eigentlich ziemlich gut alleine.<br \/>\nW\u00e4hrend dieser Zeit kann man nur warten und kommt dabei auf so manch dumme Idee.Wie zb. sich selbst beim warten zu Fotografieren<\/span><\/span> \ud83d\ude42<\/p>\n<p><a href=\"http:\/\/www.thorsten-fritz.com\/wordpress\/wp-content\/uploads\/2015\/08\/l1.jpg\" target=\"_blank\" rel=\"noopener noreferrer\"><img loading=\"lazy\" decoding=\"async\" class=\"alignnone wp-image-170\" src=\"http:\/\/www.thorsten-fritz.com\/wordpress\/wp-content\/uploads\/2015\/08\/l1-1024x628.jpg\" alt=\"l1\" width=\"1253\" height=\"768\" \/><\/a><\/p>\n<p>&nbsp;<\/p>\n<p>Das Resultat zeigt den Kometen mit seinem Schweif in seiner typisch gr\u00fcnen Farbe.Oben links im Bild sieht man die Plejaden, mit ihren Reaktionsnebel.<\/p>\n<p><a href=\"http:\/\/www.thorsten-fritz.com\/wordpress\/wp-content\/uploads\/2015\/08\/33.jpg\" target=\"_blank\" rel=\"noopener noreferrer\"><img loading=\"lazy\" decoding=\"async\" class=\"alignnone wp-image-327\" src=\"http:\/\/www.thorsten-fritz.com\/wordpress\/wp-content\/uploads\/2015\/08\/33-1024x700.jpg\" alt=\"33\" width=\"1124\" height=\"768\" srcset=\"https:\/\/www.thorsten-fritz.com\/wordpress\/wp-content\/uploads\/2015\/08\/33-1024x700.jpg 1024w, https:\/\/www.thorsten-fritz.com\/wordpress\/wp-content\/uploads\/2015\/08\/33-150x103.jpg 150w, https:\/\/www.thorsten-fritz.com\/wordpress\/wp-content\/uploads\/2015\/08\/33-300x205.jpg 300w, https:\/\/www.thorsten-fritz.com\/wordpress\/wp-content\/uploads\/2015\/08\/33.jpg 1920w\" sizes=\"auto, (max-width: 1124px) 100vw, 1124px\" \/><\/a><\/p>\n<p>&nbsp;<\/p>\n<p>&nbsp;<\/p>\n<p>&nbsp;<\/p>\n<p>&nbsp;<\/p>\n<p>&nbsp;<\/p>\n<p>&nbsp;<\/p>\n","protected":false},"excerpt":{"rendered":"<p>Komet Lovejoy vom 18.1.2015 Der Komet Lovejoy war vermutlich neben der Sonnenfinsternis das spektakul\u00e4rste Ereignis 2014\/15. Er ist ein sogenannter &hellip; <a href=\"https:\/\/www.thorsten-fritz.com\/?page_id=318\" class=\"more-link\"><span class=\"more-button\">Read More<span class=\"screen-reader-text\">Komet Lovejoy  2015<\/span><\/span><\/a><\/p>\n","protected":false},"author":1,"featured_media":0,"parent":2074,"menu_order":2,"comment_status":"closed","ping_status":"closed","template":"","meta":{"ngg_post_thumbnail":0,"__cvm_playback_settings":[],"__cvm_video_id":"","two_page_speed":[],"footnotes":""},"class_list":["post-318","page","type-page","status-publish","hentry"],"jetpack_sharing_enabled":true,"jetpack_likes_enabled":false,"_links":{"self":[{"href":"https:\/\/www.thorsten-fritz.com\/index.php?rest_route=\/wp\/v2\/pages\/318","targetHints":{"allow":["GET"]}}],"collection":[{"href":"https:\/\/www.thorsten-fritz.com\/index.php?rest_route=\/wp\/v2\/pages"}],"about":[{"href":"https:\/\/www.thorsten-fritz.com\/index.php?rest_route=\/wp\/v2\/types\/page"}],"author":[{"embeddable":true,"href":"https:\/\/www.thorsten-fritz.com\/index.php?rest_route=\/wp\/v2\/users\/1"}],"replies":[{"embeddable":true,"href":"https:\/\/www.thorsten-fritz.com\/index.php?rest_route=%2Fwp%2Fv2%2Fcomments&post=318"}],"version-history":[{"count":18,"href":"https:\/\/www.thorsten-fritz.com\/index.php?rest_route=\/wp\/v2\/pages\/318\/revisions"}],"predecessor-version":[{"id":2078,"href":"https:\/\/www.thorsten-fritz.com\/index.php?rest_route=\/wp\/v2\/pages\/318\/revisions\/2078"}],"up":[{"embeddable":true,"href":"https:\/\/www.thorsten-fritz.com\/index.php?rest_route=\/wp\/v2\/pages\/2074"}],"wp:attachment":[{"href":"https:\/\/www.thorsten-fritz.com\/index.php?rest_route=%2Fwp%2Fv2%2Fmedia&parent=318"}],"curies":[{"name":"wp","href":"https:\/\/api.w.org\/{rel}","templated":true}]}}