{"id":951,"date":"2016-11-17T20:39:35","date_gmt":"2016-11-17T20:39:35","guid":{"rendered":"http:\/\/www.thorsten-fritz.com\/?page_id=951"},"modified":"2026-02-18T13:43:09","modified_gmt":"2026-02-18T13:43:09","slug":"bilder-kaufen","status":"publish","type":"page","link":"https:\/\/www.thorsten-fritz.com\/?page_id=951","title":{"rendered":"Bilder kaufen"},"content":{"rendered":"<div id=\"pl-951\"  class=\"panel-layout\" ><div id=\"pg-951-0\"  class=\"panel-grid panel-no-style\" ><div id=\"pgc-951-0-0\"  class=\"panel-grid-cell\" ><div id=\"panel-951-0-0-0\" class=\"so-panel widget widget_sow-editor panel-first-child panel-last-child\" data-index=\"0\" ><div\n\t\t\t\n\t\t\tclass=\"so-widget-sow-editor so-widget-sow-editor-base\"\n\t\t\t\n\t\t>\n<div class=\"siteorigin-widget-tinymce textwidget\">\n\t<h3 style=\"padding-left: 30px; text-align: center;\">Bilder als Poster, auf Leinwand, Alu Dibond oder Forex Platte.<\/h3>\n<p>&nbsp;<\/p>\nngg_shortcode_0_placeholder\n<p style=\"text-align: center;\">&nbsp;<\/p>\n<p style=\"padding-left: 30px; text-align: center;\">Dir gef\u00e4llt ein Bild besonders gut und du m\u00f6chtest es gern in gro\u00df haben?<\/p>\n<p style=\"padding-left: 30px; text-align: center;\">Die folgenden Materialien zur Verf\u00fcgung:<\/p>\n<p style=\"padding-left: 30px; text-align: center;\"><strong>Poster<\/strong> - Poster auf 240g \/qm Fotopapier seidenmatt oder glossy in Fotoqualit\u00e4t.<\/p>\n<p style=\"padding-left: 30px; text-align: center;\"><strong>Leinwand<\/strong> - K\u00fcnstlerleinwand (340 g\/m\u00b2) - Leinwand druck auf Holz-Keilrahmen aufgezogen.<\/p>\n<p style=\"padding-left: 30px; text-align: center;\"><strong>Alu Dibond<\/strong>&nbsp; - Foto auf Alu-Dibond-Platte in bester Premium-Qualit\u00e4t, Professionell kaschiert auf 3 mm starke Alu-Dibond-Platte.<\/p>\n<p style=\"padding-left: 30px; text-align: center;\"><strong>PVC Trovitex Hartschaumplatte - <\/strong>Foto auf einer leichten und stabilen Forex-Platte im modernen Look.<\/p>\n<p style=\"padding-left: 30px; text-align: center;\">Die entsprechenden Preise richten sich nach der Gr\u00f6\u00dfe und dem gew\u00fcnschten Material.<\/p>\n<p style=\"text-align: center;\">&nbsp;<\/p>\n<p style=\"text-align: center;\">&nbsp;<\/p>\n<div id=\"ngg-slideshow-c27c0da627c4e878aa9f474105c71a1e-19817577050\" class=\"ngg-galleryoverview ngg-slideshow\" style=\"max-width: 600px; max-height: 400px; display: none; text-align: center;\" data-gallery-id=\"c27c0da627c4e878aa9f474105c71a1e\">\n<p>&nbsp;<\/p>\n<p><img decoding=\"async\" style=\"max-height: 380px;\" title=\" \" src=\"https:\/\/www.thorsten-fritz.com\/wordpress\/wp-content\/gallery\/leinwaende\/DSC_8350.jpg\" alt=\"DSC_8350\" data-image-id=\"251\"\/><\/p>\n<p>&nbsp;<\/p>\n<p><img decoding=\"async\" style=\"max-height: 380px;\" title=\" \" src=\"https:\/\/www.thorsten-fritz.com\/wordpress\/wp-content\/gallery\/leinwaende\/DSC_8339.jpg\" alt=\"DSC_8339\" data-image-id=\"245\"\/><\/p>\n<p>&nbsp;<\/p>\n<p><img decoding=\"async\" style=\"max-height: 380px;\" title=\" \" src=\"https:\/\/www.thorsten-fritz.com\/wordpress\/wp-content\/gallery\/leinwaende\/DSC_8333.jpg\" alt=\"DSC_8333\" data-image-id=\"244\"\/><\/p>\n<p>&nbsp;<\/p>\n<p><img decoding=\"async\" style=\"max-height: 380px;\" title=\" \" src=\"https:\/\/www.thorsten-fritz.com\/wordpress\/wp-content\/gallery\/leinwaende\/DSC_8331.jpg\" alt=\"DSC_8331\" data-image-id=\"243\"\/><\/p>\n<p>&nbsp;<\/p>\n<p><img decoding=\"async\" style=\"max-height: 380px;\" title=\" \" src=\"https:\/\/www.thorsten-fritz.com\/wordpress\/wp-content\/gallery\/leinwaende\/DSC_8326.jpg\" alt=\"DSC_8326\" data-image-id=\"242\"\/><\/p>\n<p>&nbsp;<\/p>\n<p><img decoding=\"async\" style=\"max-height: 380px;\" title=\" \" src=\"https:\/\/www.thorsten-fritz.com\/wordpress\/wp-content\/gallery\/leinwaende\/DSC_8327.jpg\" alt=\"DSC_8327\" data-image-id=\"241\"\/><\/p>\n<p>&nbsp;<\/p>\n<p><img decoding=\"async\" style=\"max-height: 380px;\" title=\" \" src=\"https:\/\/www.thorsten-fritz.com\/wordpress\/wp-content\/gallery\/leinwaende\/DSC_0006.jpg\" alt=\"DSC_0006\" data-image-id=\"239\"\/><\/p>\n<p>&nbsp;<\/p>\n<p><img decoding=\"async\" style=\"max-height: 380px;\" title=\" \" src=\"https:\/\/www.thorsten-fritz.com\/wordpress\/wp-content\/gallery\/leinwaende\/DSC_0004.jpg\" alt=\"DSC_0004\" data-image-id=\"240\"\/><\/p>\n<p>&nbsp;<\/p>\n<p><img decoding=\"async\" style=\"max-height: 380px;\" title=\" \" src=\"https:\/\/www.thorsten-fritz.com\/wordpress\/wp-content\/gallery\/leinwaende\/kanone-2.jpg\" alt=\"kanone-2\" data-image-id=\"197\"\/><\/p>\n<p>&nbsp;<\/p>\n<p><img decoding=\"async\" style=\"max-height: 380px;\" title=\" \" src=\"https:\/\/www.thorsten-fritz.com\/wordpress\/wp-content\/gallery\/leinwaende\/2017-07-21-16.04.46.jpg\" alt=\"2017-07-21-16.04.46\" data-image-id=\"224\"\/><\/p>\n<p>&nbsp;<\/p>\n<p><img decoding=\"async\" style=\"max-height: 380px;\" title=\"\" src=\"https:\/\/www.thorsten-fritz.com\/wordpress\/wp-content\/gallery\/leinwaende\/2018-01-17-11.19.09.jpg\" alt=\"2018-01-17-11.19.09\" data-image-id=\"225\"\/><\/p>\n<p>&nbsp;<\/p>\n<p><img decoding=\"async\" style=\"max-height: 380px;\" title=\"\" src=\"https:\/\/www.thorsten-fritz.com\/wordpress\/wp-content\/gallery\/leinwaende\/2018-01-25-16.01.59.jpg\" alt=\"2018-01-25-16.01.59\" data-image-id=\"226\"\/><\/p>\n<p>&nbsp;<\/p>\n<p><img decoding=\"async\" style=\"max-height: 380px;\" title=\"\" src=\"https:\/\/www.thorsten-fritz.com\/wordpress\/wp-content\/gallery\/leinwaende\/2018-03-25-11.44.31.jpg\" alt=\"2018-03-25-11.44.31\" data-image-id=\"227\"\/><\/p>\n<p>&nbsp;<\/p>\n<p><img decoding=\"async\" style=\"max-height: 380px;\" title=\"\" src=\"https:\/\/www.thorsten-fritz.com\/wordpress\/wp-content\/gallery\/leinwaende\/2018-01-31-14.10.55.jpg\" alt=\"2018-01-31-14.10.55\" data-image-id=\"228\"\/><\/p>\n<p>&nbsp;<\/p>\n<p><img decoding=\"async\" style=\"max-height: 380px;\" title=\"\" src=\"https:\/\/www.thorsten-fritz.com\/wordpress\/wp-content\/gallery\/leinwaende\/2018-01-25-16.07.19.jpg\" alt=\"2018-01-25-16.07.19\" data-image-id=\"229\"\/><\/p>\n<p>&nbsp;<\/p>\n<p><img decoding=\"async\" style=\"max-height: 380px;\" title=\"\" src=\"https:\/\/www.thorsten-fritz.com\/wordpress\/wp-content\/gallery\/leinwaende\/2018-02-24-12.04.48.jpg\" alt=\"2018-02-24-12.04.48\" data-image-id=\"230\"\/><\/p>\n<p>&nbsp;<\/p>\n<p><img decoding=\"async\" style=\"max-height: 380px;\" title=\"\" src=\"https:\/\/www.thorsten-fritz.com\/wordpress\/wp-content\/gallery\/leinwaende\/DSC_9978.jpg\" alt=\"DSC_9978\" data-image-id=\"246\"\/><\/p>\n<p>&nbsp;<\/p>\n<p><img decoding=\"async\" style=\"max-height: 380px;\" title=\"\" src=\"https:\/\/www.thorsten-fritz.com\/wordpress\/wp-content\/gallery\/leinwaende\/2018-11-13-10.18.39.jpg\" alt=\"2018-11-13-10.18.39\" data-image-id=\"231\"\/><\/p>\n<p>&nbsp;<\/p>\n<p><img decoding=\"async\" style=\"max-height: 380px;\" title=\"\" src=\"https:\/\/www.thorsten-fritz.com\/wordpress\/wp-content\/gallery\/leinwaende\/Zwischenablage06.jpg\" alt=\"Zwischenablage06\" data-image-id=\"250\"\/><\/p>\n<p>&nbsp;<\/p>\n<p><img decoding=\"async\" style=\"max-height: 380px;\" title=\"\" src=\"https:\/\/www.thorsten-fritz.com\/wordpress\/wp-content\/gallery\/leinwaende\/2018-08-10-15.43.08.jpg\" alt=\"2018-08-10-15.43.08\" data-image-id=\"232\"\/><\/p>\n<p>&nbsp;<\/p>\n<p><img decoding=\"async\" style=\"max-height: 380px;\" title=\"\" src=\"https:\/\/www.thorsten-fritz.com\/wordpress\/wp-content\/gallery\/leinwaende\/1_Zwischenablage01.jpg\" alt=\"1_Zwischenablage01\" data-image-id=\"249\"\/><\/p>\n<p>&nbsp;<\/p>\n<p><img decoding=\"async\" style=\"max-height: 380px;\" title=\"\" src=\"https:\/\/www.thorsten-fritz.com\/wordpress\/wp-content\/gallery\/leinwaende\/2019-04-03-09.20.16.jpg\" alt=\"2019-04-03-09.20.16\" data-image-id=\"233\"\/><\/p>\n<p>&nbsp;<\/p>\n<p><img decoding=\"async\" style=\"max-height: 380px;\" title=\"\" src=\"https:\/\/www.thorsten-fritz.com\/wordpress\/wp-content\/gallery\/leinwaende\/2018-11-20-20.22.29.jpg\" alt=\"2018-11-20-20.22.29\" data-image-id=\"234\"\/><\/p>\n<p>&nbsp;<\/p>\n<p><img decoding=\"async\" style=\"max-height: 380px;\" title=\"\" src=\"https:\/\/www.thorsten-fritz.com\/wordpress\/wp-content\/gallery\/leinwaende\/2019-06-21-16.02.26.jpg\" alt=\"2019-06-21-16.02.26\" data-image-id=\"235\"\/><\/p>\n<p>&nbsp;<\/p>\n<p><img decoding=\"async\" style=\"max-height: 380px;\" title=\"\" src=\"https:\/\/www.thorsten-fritz.com\/wordpress\/wp-content\/gallery\/leinwaende\/2019-12-03-11.21.18.jpg\" alt=\"2019-12-03-11.21.18\" data-image-id=\"236\"\/><\/p>\n<p>&nbsp;<\/p>\n<p><img decoding=\"async\" style=\"max-height: 380px;\" title=\"\" src=\"https:\/\/www.thorsten-fritz.com\/wordpress\/wp-content\/gallery\/leinwaende\/82937992_2988070841237709_3128599374070808576_o.jpg\" alt=\"82937992_2988070841237709_3128599374070808576_o\" data-image-id=\"237\"\/><\/p>\n<p>&nbsp;<\/p>\n<p><img decoding=\"async\" style=\"max-height: 380px;\" title=\"\" src=\"https:\/\/www.thorsten-fritz.com\/wordpress\/wp-content\/gallery\/leinwaende\/2019-11-16-12.58.46.jpg\" alt=\"2019-11-16-12.58.46\" data-image-id=\"238\"\/><\/p>\n<p>&nbsp;<\/p>\n<p><img decoding=\"async\" style=\"max-height: 380px;\" title=\"\" src=\"https:\/\/www.thorsten-fritz.com\/wordpress\/wp-content\/gallery\/leinwaende\/desenberg-pano-leinwand.jpg\" alt=\"desenberg-pano-leinwand\" data-image-id=\"188\"\/><\/p>\n<p>&nbsp;<\/p>\n<p><img decoding=\"async\" style=\"max-height: 380px;\" title=\"\" src=\"https:\/\/www.thorsten-fritz.com\/wordpress\/wp-content\/gallery\/leinwaende\/desenberg-trails.jpg\" alt=\"desenberg-trails\" data-image-id=\"189\"\/><\/p>\n<p>&nbsp;<\/p>\n<p><img decoding=\"async\" style=\"max-height: 380px;\" title=\"\" src=\"https:\/\/www.thorsten-fritz.com\/wordpress\/wp-content\/gallery\/leinwaende\/desenber-milchstra%C3%9Fe.jpg\" alt=\"desenber-milchstra\u00dfe\" data-image-id=\"190\"\/><\/p>\n<p>&nbsp;<\/p>\n<p><img decoding=\"async\" style=\"max-height: 380px;\" title=\" \" src=\"https:\/\/www.thorsten-fritz.com\/wordpress\/wp-content\/gallery\/leinwaende\/desert-leinwand.jpg\" alt=\"desert-leinwand\" data-image-id=\"191\"\/><\/p>\n<p>&nbsp;<\/p>\n<p><img decoding=\"async\" style=\"max-height: 380px;\" title=\" \" src=\"https:\/\/www.thorsten-fritz.com\/wordpress\/wp-content\/gallery\/leinwaende\/hardehausen.jpg\" alt=\"hardehausen\" data-image-id=\"192\"\/><\/p>\n<p>&nbsp;<\/p>\n<p><img decoding=\"async\" style=\"max-height: 380px;\" title=\" \" src=\"https:\/\/www.thorsten-fritz.com\/wordpress\/wp-content\/gallery\/leinwaende\/kanone.jpg\" alt=\"kanone\" data-image-id=\"193\"\/><\/p>\n<p>&nbsp;<\/p>\n<p><img decoding=\"async\" style=\"max-height: 380px;\" title=\" \" src=\"https:\/\/www.thorsten-fritz.com\/wordpress\/wp-content\/gallery\/leinwaende\/DSC2566.jpg\" alt=\"_DSC2566\" data-image-id=\"196\"\/><\/p>\n<p>&nbsp;<\/p>\n<p><img decoding=\"async\" style=\"max-height: 380px;\" title=\" \" src=\"https:\/\/www.thorsten-fritz.com\/wordpress\/wp-content\/gallery\/leinwaende\/Unbenannt-3.jpg\" alt=\"Unbenannt-3\" data-image-id=\"195\"\/><\/p>\n<\/div>\n<hr \/>\n<h3 style=\"padding-left: 30px; text-align: center;\">Preise Fotos<\/h3>\n<p style=\"padding-left: 30px; text-align: center;\">10 cm x 15 cm&nbsp;&nbsp;&nbsp;&nbsp;&nbsp;&nbsp;&nbsp;&nbsp;&nbsp;&nbsp;&nbsp;&nbsp;&nbsp;&nbsp;&nbsp;&nbsp;&nbsp;&nbsp;&nbsp;&nbsp;&nbsp;&nbsp;&nbsp;&nbsp;&nbsp;&nbsp;&nbsp; =&nbsp; 1,00 \u20ac<\/p>\n<p style=\"padding-left: 30px; text-align: center;\">20 cm x 10 cm&nbsp;&nbsp;&nbsp;&nbsp;&nbsp;&nbsp;&nbsp;&nbsp;&nbsp;&nbsp;&nbsp;&nbsp;&nbsp;&nbsp;&nbsp;&nbsp;&nbsp;&nbsp;&nbsp;&nbsp;&nbsp;&nbsp;&nbsp;&nbsp; &nbsp;&nbsp; = 2,00 \u20ac<\/p>\n<p style=\"padding-left: 30px; text-align: center;\">21 cm x&nbsp; 15 cm&nbsp;&nbsp;&nbsp;&nbsp;&nbsp;&nbsp;&nbsp;&nbsp;&nbsp;&nbsp;&nbsp;&nbsp;&nbsp;&nbsp;&nbsp;&nbsp;&nbsp;&nbsp;&nbsp;&nbsp;&nbsp;&nbsp;&nbsp;&nbsp;&nbsp;&nbsp;&nbsp; =&nbsp; 2,50 \u20ac<\/p>\n<p style=\"padding-left: 30px; text-align: center;\">29 cm x 21 cm&nbsp; &nbsp;&nbsp;&nbsp;&nbsp;&nbsp;&nbsp;(Din A4)&nbsp;&nbsp;&nbsp; &nbsp;&nbsp; =&nbsp; 5 \u20ac<\/p>\n<p style=\"padding-left: 30px; text-align: center;\">42 cm&nbsp; x 30&nbsp; cm &nbsp;( Din A3 )&nbsp; &nbsp; &nbsp; = &nbsp;10 \u20ac<\/p>\n<p style=\"padding-left: 30px; text-align: center;\">50 cm&nbsp; x 70 cm&nbsp;&nbsp;&nbsp;&nbsp;&nbsp;&nbsp;&nbsp;&nbsp;&nbsp;&nbsp;&nbsp;&nbsp;&nbsp;&nbsp;&nbsp;&nbsp;&nbsp;&nbsp;&nbsp;&nbsp;&nbsp;&nbsp; &nbsp;&nbsp;&nbsp;&nbsp;=&nbsp; 33 \u20ac<\/p>\n<p style=\"padding-left: 30px; text-align: center;\">F\u00fcr alle Warenwerte unter 10 \u20ac f\u00e4llt eine Grundgeb\u00fchr von 6,99 \u20ac an.<\/p>\n<h3 style=\"padding-left: 30px; text-align: center;\">&nbsp;<\/h3>\n<h3 style=\"padding-left: 30px; text-align: center;\">Leinw\u00e4nde Aufgezogen, inklusive Druck &amp; Keilrahmen.<\/h3>\n<p style=\"padding-left: 30px; text-align: center;\">60 cm x 30 cm&nbsp;&nbsp;&nbsp;&nbsp;&nbsp;&nbsp;&nbsp;&nbsp;&nbsp;&nbsp;&nbsp;&nbsp;&nbsp;&nbsp;&nbsp;&nbsp;&nbsp;&nbsp;&nbsp;&nbsp;&nbsp;&nbsp;&nbsp;&nbsp;&nbsp;&nbsp;&nbsp;&nbsp;&nbsp; = 39 \u20ac<\/p>\n<p style=\"padding-left: 30px; text-align: center;\">60 cm x 40 cm&nbsp;&nbsp;&nbsp;&nbsp;&nbsp;&nbsp;&nbsp;&nbsp;&nbsp;&nbsp;&nbsp;&nbsp;&nbsp;&nbsp;&nbsp;&nbsp; &nbsp;&nbsp;&nbsp;&nbsp;&nbsp;&nbsp;&nbsp;&nbsp;&nbsp;&nbsp;&nbsp;&nbsp;&nbsp;=<del> 70 \u20ac&nbsp;&nbsp;<\/del>&nbsp;&nbsp;&nbsp;<span style=\"color: #ff0000;\"><strong> 55 \u20ac<\/strong><\/span><del><br \/>\n<\/del><\/p>\n<p style=\"padding-left: 30px; text-align: center;\">50 cm x 75 cm&nbsp;&nbsp;&nbsp;&nbsp;&nbsp;&nbsp;&nbsp;&nbsp;&nbsp;&nbsp;&nbsp;&nbsp;&nbsp;&nbsp;&nbsp;&nbsp;&nbsp;&nbsp;&nbsp;&nbsp;&nbsp;&nbsp;&nbsp;&nbsp;&nbsp;&nbsp;&nbsp;&nbsp;&nbsp; =<del> 80 \u20ac&nbsp;&nbsp;<\/del>&nbsp; &nbsp;<span style=\"color: #ff0000;\"><strong>65 \u20ac<\/strong><\/span><del><\/del><\/p>\n<p style=\"padding-left: 30px; text-align: center;\">80 cm x 60 cm&nbsp;&nbsp;&nbsp;&nbsp;&nbsp;&nbsp;&nbsp;&nbsp;&nbsp;&nbsp;&nbsp;&nbsp;&nbsp;&nbsp;&nbsp;&nbsp;&nbsp;&nbsp;&nbsp;&nbsp;&nbsp;&nbsp;&nbsp;&nbsp;&nbsp;&nbsp;&nbsp;&nbsp;&nbsp; =<del> 80 \u20ac&nbsp;&nbsp;<\/del>&nbsp;&nbsp;&nbsp;<span style=\"color: #ff0000;\"><strong> 72 \u20ac<\/strong><\/span><\/p>\n<p style=\"padding-left: 30px; text-align: center;\">90 cm x 60 cm&nbsp;&nbsp;&nbsp;&nbsp;&nbsp;&nbsp;&nbsp;&nbsp;&nbsp;&nbsp;&nbsp;&nbsp;&nbsp;&nbsp;&nbsp;&nbsp;&nbsp;&nbsp;&nbsp;&nbsp;&nbsp;&nbsp;&nbsp;&nbsp;&nbsp;&nbsp;&nbsp;&nbsp;&nbsp; = <del>95 \u20ac<\/del>&nbsp;&nbsp;&nbsp;&nbsp;&nbsp;<span style=\"color: #ff0000;\"><strong> 79 \u20ac<\/strong><\/span><\/p>\n<p style=\"padding-left: 30px; text-align: center;\">100 cm x 50 cm&nbsp;&nbsp;&nbsp;&nbsp;&nbsp;&nbsp;&nbsp;&nbsp;&nbsp;&nbsp;&nbsp;&nbsp;&nbsp;&nbsp;&nbsp;&nbsp;&nbsp;&nbsp;&nbsp;&nbsp;&nbsp;&nbsp;&nbsp;&nbsp;&nbsp;&nbsp;&nbsp; = <del>105 \u20ac&nbsp;&nbsp;<\/del> &nbsp;<span style=\"color: #ff0000;\"><strong> 94 \u20ac<\/strong><\/span><del><br \/>\n<\/del><\/p>\n<p style=\"text-align: center;\">&nbsp;&nbsp;&nbsp;&nbsp;&nbsp;&nbsp;&nbsp;&nbsp; 120 cm x 60 cm&nbsp;&nbsp;&nbsp;&nbsp;&nbsp;&nbsp;&nbsp;&nbsp;&nbsp;&nbsp;&nbsp;&nbsp;&nbsp;&nbsp;&nbsp;&nbsp;&nbsp;&nbsp;&nbsp;&nbsp; &nbsp;&nbsp;&nbsp;&nbsp;&nbsp;&nbsp;&nbsp;&nbsp;=<del>145 \u20ac<\/del>&nbsp; &nbsp; <span style=\"color: #ff0000;\"><strong>115 \u20ac<\/strong><\/span><\/p>\n<p style=\"padding-left: 30px; text-align: center;\">120 cm x 80 cm&nbsp;&nbsp;&nbsp;&nbsp;&nbsp;&nbsp;&nbsp;&nbsp;&nbsp;&nbsp;&nbsp;&nbsp;&nbsp;&nbsp;&nbsp;&nbsp;&nbsp;&nbsp;&nbsp;&nbsp; &nbsp;&nbsp;&nbsp;&nbsp;&nbsp;&nbsp;&nbsp;&nbsp;=<del>145 \u20ac<\/del>&nbsp;&nbsp;&nbsp;&nbsp;<span style=\"color: #ff0000;\"><strong> 125 \u20ac<\/strong> <\/span><\/p>\n<p style=\"padding-left: 30px; text-align: center;\">150 cm x 75 cm&nbsp;&nbsp;&nbsp;&nbsp;&nbsp;&nbsp;&nbsp;&nbsp;&nbsp;&nbsp;&nbsp;&nbsp;&nbsp;&nbsp;&nbsp;&nbsp;&nbsp;&nbsp;&nbsp;&nbsp; &nbsp;&nbsp;&nbsp;&nbsp;&nbsp;&nbsp;&nbsp;&nbsp;=<del>180 \u20ac<\/del>&nbsp;&nbsp;&nbsp;&nbsp;<span style=\"color: #ff0000;\"><strong> 169 \u20ac<\/strong><\/span><\/p>\n<p style=\"padding-left: 30px; text-align: center;\">150 cm x 100cm&nbsp;&nbsp;&nbsp;&nbsp;&nbsp;&nbsp;&nbsp;&nbsp;&nbsp;&nbsp;&nbsp;&nbsp;&nbsp;&nbsp;&nbsp;&nbsp;&nbsp;&nbsp;&nbsp;&nbsp; &nbsp;&nbsp;&nbsp;&nbsp;&nbsp;&nbsp;&nbsp;&nbsp;=<del>180 \u20ac<\/del>&nbsp;&nbsp;&nbsp;&nbsp;<span style=\"color: #ff0000;\"><strong> 199 \u20ac<\/strong><\/span><\/p>\n<p style=\"padding-left: 30px; text-align: center;\">160 cm x 90 cm&nbsp;&nbsp;&nbsp;&nbsp;&nbsp;&nbsp;&nbsp;&nbsp;&nbsp;&nbsp;&nbsp;&nbsp;&nbsp;&nbsp;&nbsp;&nbsp;&nbsp;&nbsp;&nbsp;&nbsp; &nbsp;&nbsp;&nbsp;&nbsp;&nbsp;&nbsp;&nbsp;&nbsp;=<del>180 \u20ac<\/del>&nbsp;&nbsp;&nbsp;&nbsp;<span style=\"color: #ff0000;\"><strong> 210 \u20ac<\/strong><\/span><\/p>\n<p style=\"padding-left: 30px; text-align: center;\">180 cm x 90 cm&nbsp;&nbsp;&nbsp;&nbsp;&nbsp;&nbsp;&nbsp;&nbsp;&nbsp;&nbsp;&nbsp;&nbsp;&nbsp;&nbsp;&nbsp;&nbsp;&nbsp;&nbsp;&nbsp;&nbsp; &nbsp;&nbsp;&nbsp;&nbsp;&nbsp;&nbsp;&nbsp;&nbsp;=<del>180 \u20ac<\/del>&nbsp;&nbsp;&nbsp;&nbsp;<span style=\"color: #ff0000;\"><strong> 240\u20ac<\/strong><\/span><\/p>\n<p style=\"text-align: center;\">&nbsp;&nbsp;&nbsp;&nbsp;&nbsp;&nbsp;&nbsp; 200 cm x 100 cm&nbsp;&nbsp;&nbsp;&nbsp;&nbsp;&nbsp;&nbsp;&nbsp;&nbsp;&nbsp;&nbsp;&nbsp;&nbsp;&nbsp;&nbsp;&nbsp;&nbsp;&nbsp;&nbsp;&nbsp;&nbsp;&nbsp;&nbsp;&nbsp;&nbsp;&nbsp; = 239 \u20ac<\/p>\n<p style=\"padding-left: 30px; text-align: center;\">Leinw\u00e4nde bis zu 300 cm auf Anfrage<\/p>\n<h3 style=\"padding-left: 30px; text-align: center;\">Preise Alu Master Dibond&nbsp; Platte<\/h3>\n<p style=\"text-align: center;\">&nbsp;<\/p>\n<p style=\"padding-left: 30px; text-align: center;\">60 cm x 40 cm&nbsp;&nbsp;&nbsp;&nbsp;&nbsp;&nbsp;&nbsp;&nbsp;&nbsp;&nbsp;&nbsp;&nbsp;&nbsp;&nbsp;&nbsp;&nbsp; &nbsp;&nbsp;&nbsp;&nbsp;&nbsp;&nbsp;&nbsp;&nbsp;&nbsp;&nbsp;&nbsp;&nbsp;&nbsp;=&nbsp;&nbsp;&nbsp;&nbsp; 5<strong>4 \u20ac<\/strong><del><\/del><\/p>\n<p style=\"padding-left: 30px; text-align: center;\">100 cm x 50 cm&nbsp;&nbsp;&nbsp;&nbsp;&nbsp;&nbsp;&nbsp;&nbsp;&nbsp;&nbsp;&nbsp;&nbsp;&nbsp;&nbsp;&nbsp;&nbsp;&nbsp;&nbsp;&nbsp;&nbsp;&nbsp;&nbsp;&nbsp;&nbsp;&nbsp;&nbsp;&nbsp; =&nbsp;&nbsp;&nbsp; <strong>107 \u20ac<\/strong><del><br \/>\n<\/del><\/p>\n<p style=\"padding-left: 30px; text-align: center;\">120 cm x 60 cm&nbsp;&nbsp;&nbsp;&nbsp;&nbsp;&nbsp;&nbsp;&nbsp;&nbsp;&nbsp;&nbsp;&nbsp;&nbsp;&nbsp;&nbsp;&nbsp;&nbsp;&nbsp;&nbsp;&nbsp; &nbsp;&nbsp;&nbsp;&nbsp;&nbsp;&nbsp;&nbsp;&nbsp;=&nbsp; <strong>148 \u20ac<\/strong><\/p>\n<p style=\"text-align: center;\">&nbsp;<\/p>\n<p style=\"text-align: center;\">&nbsp;<\/p>\n<h3 style=\"padding-left: 30px; text-align: center;\">PVC Trovitex Hartschaumplatte\/schwarz<\/h3>\n<p style=\"text-align: center;\">Auf Anfrage<\/p>\n<p style=\"text-align: center;\">&nbsp;<\/p>\n<p style=\"text-align: center;\">&nbsp;<\/p>\n<hr \/>\n<p style=\"padding-left: 30px; text-align: center;\">F\u00fcr eine Beratung und den individuellen Preis kannst du mich nachfolgend erreichen<\/p>\n<p style=\"padding-left: 30px; text-align: center;\">Kontakt:<\/p>\n<p style=\"padding-left: 30px; text-align: center;\">Tel:<\/p>\n<p style=\"padding-left: 30px; text-align: center;\">05642 \/ 8090142<\/p>\n<p style=\"padding-left: 30px; text-align: center;\">+49 1573 3947995<\/p>\n<p style=\"padding-left: 30px; text-align: center;\">Facebook <a title=\"https:\/\/www.facebook.com\/fotofritze\/\" href=\"https:\/\/www.facebook.com\/fotofritze\/\" target=\"_blank\" rel=\"noopener noreferrer\">https:\/\/www.facebook.com\/fotofritze<\/a><\/p>\n<p style=\"padding-left: 30px; text-align: center;\">Kontakt Formular( E-Mail)&nbsp; <a title=\"http:\/\/www.thorsten-fritz.com\/?page_id=397\" href=\"http:\/\/www.thorsten-fritz.com\/?page_id=397\" target=\"_blank\" rel=\"noopener noreferrer\">Kontakt<\/a><\/p>\n<h4 style=\"padding-left: 30px; text-align: center;\"><strong>&nbsp;<\/strong><\/h4>\n<p style=\"text-align: center;\">&nbsp;<\/p>\n<p style=\"text-align: center;\">&nbsp;<\/p>\n<\/div>\n<\/div><\/div><\/div><\/div><\/div>","protected":false},"excerpt":{"rendered":"<p>Bilder als Poster, auf Leinwand, Alu Dibond oder Forex Platte. &nbsp; &nbsp; Dir gef\u00e4llt ein Bild besonders gut und du &hellip; <a href=\"https:\/\/www.thorsten-fritz.com\/?page_id=951\" class=\"more-link\"><span class=\"more-button\">Read More<span class=\"screen-reader-text\">Bilder kaufen<\/span><\/span><\/a><\/p>\n","protected":false},"author":1,"featured_media":0,"parent":0,"menu_order":8,"comment_status":"closed","ping_status":"closed","template":"","meta":{"ngg_post_thumbnail":0,"__cvm_playback_settings":[],"__cvm_video_id":"","two_page_speed":{"current_score":{"desktop_score":68,"desktop_tti":"1.9\u00a0","mobile_score":63,"mobile_tti":"10.6\u00a0","date":"22.11.2024 08:00:50 pm","status":"completed"}},"footnotes":""},"class_list":["post-951","page","type-page","status-publish","hentry"],"jetpack_sharing_enabled":true,"jetpack_likes_enabled":false,"_links":{"self":[{"href":"https:\/\/www.thorsten-fritz.com\/index.php?rest_route=\/wp\/v2\/pages\/951","targetHints":{"allow":["GET"]}}],"collection":[{"href":"https:\/\/www.thorsten-fritz.com\/index.php?rest_route=\/wp\/v2\/pages"}],"about":[{"href":"https:\/\/www.thorsten-fritz.com\/index.php?rest_route=\/wp\/v2\/types\/page"}],"author":[{"embeddable":true,"href":"https:\/\/www.thorsten-fritz.com\/index.php?rest_route=\/wp\/v2\/users\/1"}],"replies":[{"embeddable":true,"href":"https:\/\/www.thorsten-fritz.com\/index.php?rest_route=%2Fwp%2Fv2%2Fcomments&post=951"}],"version-history":[{"count":78,"href":"https:\/\/www.thorsten-fritz.com\/index.php?rest_route=\/wp\/v2\/pages\/951\/revisions"}],"predecessor-version":[{"id":3016,"href":"https:\/\/www.thorsten-fritz.com\/index.php?rest_route=\/wp\/v2\/pages\/951\/revisions\/3016"}],"wp:attachment":[{"href":"https:\/\/www.thorsten-fritz.com\/index.php?rest_route=%2Fwp%2Fv2%2Fmedia&parent=951"}],"curies":[{"name":"wp","href":"https:\/\/api.w.org\/{rel}","templated":true}]}}